{"id":14604,"date":"2026-04-03T02:52:44","date_gmt":"2026-04-03T02:52:44","guid":{"rendered":"https:\/\/buynsellman.shop\/?post_type=product&#038;p=14604"},"modified":"2026-04-07T02:46:26","modified_gmt":"2026-04-07T02:46:26","slug":"13-pcs-cortapelos-mascotas-para-mascotas-kit-cortapelos-mascotas-para-perros-y-gatos","status":"publish","type":"product","link":"https:\/\/buynsellman.shop\/es\/producto\/13-pcs-cortapelos-mascotas-para-mascotas-kit-cortapelos-mascotas-para-perros-y-gatos\/","title":{"rendered":"13 PCS Cortapelos Mascotas para Mascotas, Kit Cortapelos Mascotas para Perros y Gatos"},"content":{"rendered":"<div data-elementor-type=\"product-post\" data-elementor-id=\"14604\" class=\"elementor elementor-14604\" data-elementor-post-type=\"product\">\n\t\t\t\t<div class=\"elementor-element elementor-element-164b55c9 e-flex e-con-boxed e-con e-parent\" data-id=\"164b55c9\" data-element_type=\"container\" data-settings=\"{&quot;ekit_has_onepagescroll_dot&quot;:&quot;yes&quot;}\">\n\t\t\t\t\t<div class=\"e-con-inner\">\n\t\t<div class=\"elementor-element elementor-element-72667864 e-grid e-con-full e-con e-child\" data-id=\"72667864\" data-element_type=\"container\" data-settings=\"{&quot;ekit_has_onepagescroll_dot&quot;:&quot;yes&quot;}\">\n\t\t\t\t<div class=\"elementor-element elementor-element-1bcfb9b2 elementor-widget elementor-widget-video\" data-id=\"1bcfb9b2\" data-element_type=\"widget\" data-settings=\"{&quot;video_type&quot;:&quot;hosted&quot;,&quot;controls&quot;:&quot;yes&quot;,&quot;ekit_we_effect_on&quot;:&quot;none&quot;}\" data-widget_type=\"video.default\">\n\t\t\t\t<div class=\"elementor-widget-container\">\n\t\t\t\t\t\t\t<div class=\"e-hosted-video elementor-wrapper elementor-open-inline\">\n\t\t\t\t\t<video class=\"elementor-video\" src=\"https:\/\/buynsellman.shop\/wp-content\/uploads\/2026\/04\/video_2026-03-08_14-40-16.mp4\" controls=\"\" preload=\"metadata\" controlslist=\"nodownload\"><\/video>\n\t\t\t\t<\/div>\n\t\t\t\t\t\t<\/div>\n\t\t\t\t<\/div>\n\t\t\t\t<div class=\"elementor-element elementor-element-3a84f53f elementor-widget elementor-widget-text-editor\" data-id=\"3a84f53f\" data-element_type=\"widget\" data-settings=\"{&quot;ekit_we_effect_on&quot;:&quot;none&quot;}\" data-widget_type=\"text-editor.default\">\n\t\t\t\t<div class=\"elementor-widget-container\">\n\t\t\t\t\t\t\t\t\t<!DOCTYPE html>\n<html>\n<body>\n\n<!-- \u52a0\u4e0a\u6807\u9898 \"Product Specifications:\" -->\n<h3 style=\"font-family: Arial, sans-serif; text-align: left; margin-bottom: 10px;\">Especificaciones del producto:<\/h3>\n\n<!-- \u7b80\u6d01\u7684\u4e24\u5217\u5e03\u5c40\uff0c\u5de6\u5bf9\u9f50\uff0c\u5e26\u4e0b\u5212\u7ebf -->\n<div style=\"width: 100%; max-width: 450px; font-family: Arial, sans-serif;\">\n\n    <!-- \u7b2c\u4e00\u884c\uff1a\u6750\u6599 -->\n    <div style=\"display: flex; padding: 8px 0; border-bottom: 1px solid #000;\">\n        <div style=\"flex: 1; text-align: left;\"><strong>Material:<\/strong><\/div>\n        <div style=\"flex: 1; text-align: left;\">ABS, acero inoxidable, cuchilla de cer\u00e1mica<\/div>\n    <\/div>\n\n    <!-- \u7b2c\u4e8c\u884c\uff1a\u5145\u7535\u65f6\u95f4 -->\n    <div style=\"display: flex; padding: 8px 0; border-bottom: 1px solid #000;\">\n        <div style=\"flex: 1; text-align: left;\"><strong>Tiempo de carga:<\/strong><\/div>\n        <div style=\"flex: 1; text-align: left;\">Aprox. 2-3 horas<\/div>\n    <\/div>\n\n    <!-- \u7b2c\u4e09\u884c\uff1a\u5de5\u4f5c\u65f6\u95f4 -->\n    <div style=\"display: flex; padding: 8px 0; border-bottom: 1px solid #000;\">\n        <div style=\"flex: 1; text-align: left;\"><strong>Tiempo de trabajo:<\/strong><\/div>\n        <div style=\"flex: 1; text-align: left;\">Aprox. 80-90 minutos<\/div>\n    <\/div>\n\n    <!-- \u7b2c\u56db\u884c\uff1a\u7535\u538b -->\n    <div style=\"display: flex; padding: 8px 0; border-bottom: 1px solid #000;\">\n        <div style=\"flex: 1; text-align: left;\"><strong>Voltaje:<\/strong><\/div>\n        <div style=\"flex: 1; text-align: left;\">5V (alimentado por USB)<\/div>\n    <\/div>\n\n<\/div>\n\n<\/body>\n<\/html>\t\t\t\t\t\t\t\t<\/div>\n\t\t\t\t<\/div>\n\t\t\t\t<\/div>\n\t\t<div class=\"elementor-element elementor-element-4c8ae36 e-con-full e-flex e-con e-child\" data-id=\"4c8ae36\" data-element_type=\"container\" data-settings=\"{&quot;ekit_has_onepagescroll_dot&quot;:&quot;yes&quot;}\">\n\t\t\t\t<div class=\"elementor-element elementor-element-3b9ef806 elementor-position-left elementor-vertical-align-middle elementor-widget elementor-widget-image-box\" data-id=\"3b9ef806\" data-element_type=\"widget\" data-settings=\"{&quot;ekit_we_effect_on&quot;:&quot;none&quot;}\" data-widget_type=\"image-box.default\">\n\t\t\t\t<div class=\"elementor-widget-container\">\n\t\t\t\t\t<div class=\"elementor-image-box-wrapper\"><figure class=\"elementor-image-box-img\"><img loading=\"lazy\" decoding=\"async\" width=\"800\" height=\"800\" src=\"https:\/\/buynsellman.shop\/wp-content\/uploads\/2026\/04\/Sf6faecbc20be4c379058f1bec3afe536g.webp\" class=\"attachment-full size-full wp-image-14611 wvs-archive-product-image\" alt=\"\" srcset=\"https:\/\/buynsellman.shop\/wp-content\/uploads\/2026\/04\/Sf6faecbc20be4c379058f1bec3afe536g.webp 800w, https:\/\/buynsellman.shop\/wp-content\/uploads\/2026\/04\/Sf6faecbc20be4c379058f1bec3afe536g-300x300.webp 300w, https:\/\/buynsellman.shop\/wp-content\/uploads\/2026\/04\/Sf6faecbc20be4c379058f1bec3afe536g-150x150.webp 150w, https:\/\/buynsellman.shop\/wp-content\/uploads\/2026\/04\/Sf6faecbc20be4c379058f1bec3afe536g-768x768.webp 768w, https:\/\/buynsellman.shop\/wp-content\/uploads\/2026\/04\/Sf6faecbc20be4c379058f1bec3afe536g-12x12.webp 12w, https:\/\/buynsellman.shop\/wp-content\/uploads\/2026\/04\/Sf6faecbc20be4c379058f1bec3afe536g-600x600.webp 600w, https:\/\/buynsellman.shop\/wp-content\/uploads\/2026\/04\/Sf6faecbc20be4c379058f1bec3afe536g-100x100.webp 100w, https:\/\/buynsellman.shop\/wp-content\/uploads\/2026\/04\/Sf6faecbc20be4c379058f1bec3afe536g-50x50.webp 50w, https:\/\/buynsellman.shop\/wp-content\/uploads\/2026\/04\/Sf6faecbc20be4c379058f1bec3afe536g-1x1.webp 1w, https:\/\/buynsellman.shop\/wp-content\/uploads\/2026\/04\/Sf6faecbc20be4c379058f1bec3afe536g-10x10.webp 10w\" sizes=\"auto, (max-width: 800px) 100vw, 800px\" \/><\/figure><div class=\"elementor-image-box-content\"><h3 class=\"elementor-image-box-title\">PEINES GU\u00cdA AJUSTABLES PARA DIFERENTES ESTILOS<\/h3><p class=\"elementor-image-box-description\">El set incluye 4 peines gu\u00eda de diferentes longitudes (3mm, 6mm, 9mm y 12mm) que se colocan f\u00e1cilmente en la cuchilla. Podr\u00e1s elegir el largo perfecto para cada parte del cuerpo de tu mascota, desde un corte al ras hasta un acabado m\u00e1s largo y esponjoso.<\/p><\/div><\/div>\t\t\t\t<\/div>\n\t\t\t\t<\/div>\n\t\t\t\t<div class=\"elementor-element elementor-element-7bc1e06 elementor-position-right elementor-vertical-align-middle elementor-widget elementor-widget-image-box\" data-id=\"7bc1e06\" data-element_type=\"widget\" data-settings=\"{&quot;ekit_we_effect_on&quot;:&quot;none&quot;}\" data-widget_type=\"image-box.default\">\n\t\t\t\t<div class=\"elementor-widget-container\">\n\t\t\t\t\t<div class=\"elementor-image-box-wrapper\"><figure class=\"elementor-image-box-img\"><img loading=\"lazy\" decoding=\"async\" width=\"2000\" height=\"2000\" src=\"https:\/\/buynsellman.shop\/wp-content\/uploads\/2026\/04\/d9923dcc-c2c8-40f7-b442-9972bfead3aa.b8f2d3c6a1eb22e4c8214d75a95eb9fe.webp\" class=\"attachment-full size-full wp-image-14612 wvs-archive-product-image\" alt=\"\" srcset=\"https:\/\/buynsellman.shop\/wp-content\/uploads\/2026\/04\/d9923dcc-c2c8-40f7-b442-9972bfead3aa.b8f2d3c6a1eb22e4c8214d75a95eb9fe.webp 2000w, https:\/\/buynsellman.shop\/wp-content\/uploads\/2026\/04\/d9923dcc-c2c8-40f7-b442-9972bfead3aa.b8f2d3c6a1eb22e4c8214d75a95eb9fe-300x300.webp 300w, https:\/\/buynsellman.shop\/wp-content\/uploads\/2026\/04\/d9923dcc-c2c8-40f7-b442-9972bfead3aa.b8f2d3c6a1eb22e4c8214d75a95eb9fe-1024x1024.webp 1024w, https:\/\/buynsellman.shop\/wp-content\/uploads\/2026\/04\/d9923dcc-c2c8-40f7-b442-9972bfead3aa.b8f2d3c6a1eb22e4c8214d75a95eb9fe-150x150.webp 150w, https:\/\/buynsellman.shop\/wp-content\/uploads\/2026\/04\/d9923dcc-c2c8-40f7-b442-9972bfead3aa.b8f2d3c6a1eb22e4c8214d75a95eb9fe-768x768.webp 768w, https:\/\/buynsellman.shop\/wp-content\/uploads\/2026\/04\/d9923dcc-c2c8-40f7-b442-9972bfead3aa.b8f2d3c6a1eb22e4c8214d75a95eb9fe-1536x1536.webp 1536w, https:\/\/buynsellman.shop\/wp-content\/uploads\/2026\/04\/d9923dcc-c2c8-40f7-b442-9972bfead3aa.b8f2d3c6a1eb22e4c8214d75a95eb9fe-12x12.webp 12w, https:\/\/buynsellman.shop\/wp-content\/uploads\/2026\/04\/d9923dcc-c2c8-40f7-b442-9972bfead3aa.b8f2d3c6a1eb22e4c8214d75a95eb9fe-600x600.webp 600w, https:\/\/buynsellman.shop\/wp-content\/uploads\/2026\/04\/d9923dcc-c2c8-40f7-b442-9972bfead3aa.b8f2d3c6a1eb22e4c8214d75a95eb9fe-100x100.webp 100w, https:\/\/buynsellman.shop\/wp-content\/uploads\/2026\/04\/d9923dcc-c2c8-40f7-b442-9972bfead3aa.b8f2d3c6a1eb22e4c8214d75a95eb9fe-50x50.webp 50w, https:\/\/buynsellman.shop\/wp-content\/uploads\/2026\/04\/d9923dcc-c2c8-40f7-b442-9972bfead3aa.b8f2d3c6a1eb22e4c8214d75a95eb9fe-1x1.webp 1w, https:\/\/buynsellman.shop\/wp-content\/uploads\/2026\/04\/d9923dcc-c2c8-40f7-b442-9972bfead3aa.b8f2d3c6a1eb22e4c8214d75a95eb9fe-10x10.webp 10w\" sizes=\"auto, (max-width: 2000px) 100vw, 2000px\" \/><\/figure><div class=\"elementor-image-box-content\"><h3 class=\"elementor-image-box-title\">BATER\u00cdA RECARGABLE DE LARGA DURACI\u00d3N<\/h3><p class=\"elementor-image-box-description\">Olv\u00eddate de los cables mientras trabajas. Con su bater\u00eda de litio recargable, este cortapelos ofrece hasta 3 horas de autonom\u00eda con una sola carga. El sistema de carga USB te permite cargarlo f\u00e1cilmente en cualquier lugar: en casa, en el coche o incluso con un power bank durante tus viajes.<\/p><\/div><\/div>\t\t\t\t<\/div>\n\t\t\t\t<\/div>\n\t\t\t\t<div class=\"elementor-element elementor-element-10802ef5 elementor-position-left elementor-vertical-align-middle elementor-widget elementor-widget-image-box\" data-id=\"10802ef5\" data-element_type=\"widget\" data-settings=\"{&quot;ekit_we_effect_on&quot;:&quot;none&quot;}\" data-widget_type=\"image-box.default\">\n\t\t\t\t<div class=\"elementor-widget-container\">\n\t\t\t\t\t<div class=\"elementor-image-box-wrapper\"><figure class=\"elementor-image-box-img\"><img loading=\"lazy\" decoding=\"async\" width=\"800\" height=\"800\" src=\"https:\/\/buynsellman.shop\/wp-content\/uploads\/2026\/04\/Sb28b734cefcd48c49a764d0215e859ccb.webp\" class=\"attachment-full size-full wp-image-14613 wvs-archive-product-image\" alt=\"\" srcset=\"https:\/\/buynsellman.shop\/wp-content\/uploads\/2026\/04\/Sb28b734cefcd48c49a764d0215e859ccb.webp 800w, https:\/\/buynsellman.shop\/wp-content\/uploads\/2026\/04\/Sb28b734cefcd48c49a764d0215e859ccb-300x300.webp 300w, https:\/\/buynsellman.shop\/wp-content\/uploads\/2026\/04\/Sb28b734cefcd48c49a764d0215e859ccb-150x150.webp 150w, https:\/\/buynsellman.shop\/wp-content\/uploads\/2026\/04\/Sb28b734cefcd48c49a764d0215e859ccb-768x768.webp 768w, https:\/\/buynsellman.shop\/wp-content\/uploads\/2026\/04\/Sb28b734cefcd48c49a764d0215e859ccb-12x12.webp 12w, https:\/\/buynsellman.shop\/wp-content\/uploads\/2026\/04\/Sb28b734cefcd48c49a764d0215e859ccb-600x600.webp 600w, https:\/\/buynsellman.shop\/wp-content\/uploads\/2026\/04\/Sb28b734cefcd48c49a764d0215e859ccb-100x100.webp 100w, https:\/\/buynsellman.shop\/wp-content\/uploads\/2026\/04\/Sb28b734cefcd48c49a764d0215e859ccb-50x50.webp 50w, https:\/\/buynsellman.shop\/wp-content\/uploads\/2026\/04\/Sb28b734cefcd48c49a764d0215e859ccb-1x1.webp 1w, https:\/\/buynsellman.shop\/wp-content\/uploads\/2026\/04\/Sb28b734cefcd48c49a764d0215e859ccb-10x10.webp 10w\" sizes=\"auto, (max-width: 800px) 100vw, 800px\" \/><\/figure><div class=\"elementor-image-box-content\"><h3 class=\"elementor-image-box-title\">F\u00c1CIL LIMPIEZA - CUCHILLA DESMONTABLE<\/h3><p class=\"elementor-image-box-description\">La higiene es fundamental en el cuidado de tus mascotas. La cuchilla es desmontable y lavable con agua, lo que facilita una limpieza profunda despu\u00e9s de cada uso. Simplemente ret\u00edrala, enju\u00e1gala y s\u00e9cala para mantener el equipo siempre listo.<\/p><\/div><\/div>\t\t\t\t<\/div>\n\t\t\t\t<\/div>\n\t\t\t\t<\/div>\n\t\t<div class=\"elementor-element elementor-element-599ad07e e-con-full e-flex e-con e-child\" data-id=\"599ad07e\" data-element_type=\"container\" data-settings=\"{&quot;ekit_has_onepagescroll_dot&quot;:&quot;yes&quot;}\">\n\t\t\t\t<div class=\"elementor-element elementor-element-5c5066b9 elementor--h-position-center elementor--v-position-middle elementor-arrows-position-inside elementor-pagination-position-inside elementor-widget elementor-widget-slides\" data-id=\"5c5066b9\" data-element_type=\"widget\" data-settings=\"{&quot;navigation&quot;:&quot;both&quot;,&quot;autoplay&quot;:&quot;yes&quot;,&quot;pause_on_hover&quot;:&quot;yes&quot;,&quot;pause_on_interaction&quot;:&quot;yes&quot;,&quot;autoplay_speed&quot;:5000,&quot;infinite&quot;:&quot;yes&quot;,&quot;transition&quot;:&quot;slide&quot;,&quot;transition_speed&quot;:500,&quot;ekit_we_effect_on&quot;:&quot;none&quot;}\" data-widget_type=\"slides.default\">\n\t\t\t\t<div class=\"elementor-widget-container\">\n\t\t\t\t\t\t\t\t\t<div class=\"elementor-swiper\">\r\n\t\t\t\t\t<div class=\"elementor-slides-wrapper elementor-main-swiper swiper\" role=\"region\" aria-roledescription=\"carousel\" aria-label=\"Diapositivas\" dir=\"ltr\" data-animation=\"fadeInUp\">\r\n\t\t\t\t<div class=\"swiper-wrapper elementor-slides\">\r\n\t\t\t\t\t\t\t\t\t\t<div class=\"elementor-repeater-item-4d661a3 swiper-slide\" role=\"group\" aria-roledescription=\"slide\"><div class=\"swiper-slide-bg\" role=\"img\" aria-label=\"35c01860-9c89-4f7f-b06d-3657e9b8ca45.__CR001464600_PT0_SX1464_V1___.jpg\"><\/div><div class=\"swiper-slide-inner\" ><div class=\"swiper-slide-contents\"><\/div><\/div><\/div><div class=\"elementor-repeater-item-48e45d5 swiper-slide\" role=\"group\" aria-roledescription=\"slide\"><div class=\"swiper-slide-bg\" role=\"img\" aria-label=\"4dba2e81-bd41-4f7f-9980-ca57bdf25ba6.__CR001464600_PT0_SX1464_V1___.jpg\"><\/div><div class=\"swiper-slide-inner\" ><div class=\"swiper-slide-contents\"><\/div><\/div><\/div><div class=\"elementor-repeater-item-21588fb swiper-slide\" role=\"group\" aria-roledescription=\"slide\"><div class=\"swiper-slide-bg\" role=\"img\" aria-label=\"6713f373-447f-4b65-85ec-8e7a587a26d7.__CR001464600_PT0_SX1464_V1___.jpg\"><\/div><div class=\"swiper-slide-inner\" ><div class=\"swiper-slide-contents\"><\/div><\/div><\/div><div class=\"elementor-repeater-item-bfa597a swiper-slide\" role=\"group\" aria-roledescription=\"slide\"><div class=\"swiper-slide-bg\" role=\"img\" aria-label=\"72bf733a-1647-4618-86e2-87d94097bd7c.__CR001464600_PT0_SX1464_V1___.jpg\"><\/div><div class=\"swiper-slide-inner\" ><div class=\"swiper-slide-contents\"><div class=\"elementor-slide-description\">.<\/div><\/div><\/div><\/div>\t\t\t\t<\/div>\r\n\t\t\t\t\t\t\t\t\t\t\t\t\t\t\t<div class=\"elementor-swiper-button elementor-swiper-button-prev\" role=\"button\" tabindex=\"0\" aria-label=\"Diapositiva anterior\" data-no-translation-aria-label=\"\">\r\n\t\t\t\t\t\t\t<svg aria-hidden=\"true\" class=\"e-font-icon-svg e-eicon-chevron-left\" viewbox=\"0 0 1000 1000\" xmlns=\"http:\/\/www.w3.org\/2000\/svg\"><path d=\"M646 125C629 125 613 133 604 142L308 442C296 454 292 471 292 487 292 504 296 521 308 533L604 854C617 867 629 875 646 875 663 875 679 871 692 858 704 846 713 829 713 812 713 796 708 779 692 767L438 487 692 225C700 217 708 204 708 187 708 171 704 154 692 142 675 129 663 125 646 125Z\"><\/path><\/svg>\t\t\t\t\t\t<\/div>\r\n\t\t\t\t\t\t<div class=\"elementor-swiper-button elementor-swiper-button-next\" role=\"button\" tabindex=\"0\" aria-label=\"Siguiente diapositiva\" data-no-translation-aria-label=\"\">\r\n\t\t\t\t\t\t\t<svg aria-hidden=\"true\" class=\"e-font-icon-svg e-eicon-chevron-right\" viewbox=\"0 0 1000 1000\" xmlns=\"http:\/\/www.w3.org\/2000\/svg\"><path d=\"M696 533C708 521 713 504 713 487 713 471 708 454 696 446L400 146C388 133 375 125 354 125 338 125 325 129 313 142 300 154 292 171 292 187 292 204 296 221 308 233L563 492 304 771C292 783 288 800 288 817 288 833 296 850 308 863 321 871 338 875 354 875 371 875 388 867 400 854L696 533Z\"><\/path><\/svg>\t\t\t\t\t\t<\/div>\r\n\t\t\t\t\t\t\t\t\t\t\t\t\t\t\t\t<div class=\"swiper-pagination\"><\/div>\r\n\t\t\t\t\t\t\t\t\t\t\t\t<\/div>\r\n\t\t\t\t<\/div>\r\n\t\t\t\t\t\t\t\t<\/div>\n\t\t\t\t<\/div>\n\t\t\t\t<\/div>\n\t\t<div class=\"elementor-element elementor-element-79882049 e-con-full e-flex e-con e-child\" data-id=\"79882049\" data-element_type=\"container\" data-settings=\"{&quot;ekit_has_onepagescroll_dot&quot;:&quot;yes&quot;}\">\n\t\t\t\t<div class=\"elementor-element elementor-element-3c3b6f6f elementor-widget elementor-widget-image\" data-id=\"3c3b6f6f\" data-element_type=\"widget\" data-settings=\"{&quot;ekit_we_effect_on&quot;:&quot;none&quot;}\" data-widget_type=\"image.default\">\n\t\t\t\t<div class=\"elementor-widget-container\">\n\t\t\t\t\t\t\t\t\t\t\t\t\t\t\t<img loading=\"lazy\" decoding=\"async\" width=\"1024\" height=\"1024\" src=\"https:\/\/buynsellman.shop\/wp-content\/uploads\/2026\/04\/7a791982-de93-4a60-b8f4-1fa19697da86.e67e40e24235987f3e1e59631eb1e4d2-1-1024x1024.webp\" class=\"attachment-large size-large wp-image-14618 wvs-archive-product-image\" alt=\"\" srcset=\"https:\/\/buynsellman.shop\/wp-content\/uploads\/2026\/04\/7a791982-de93-4a60-b8f4-1fa19697da86.e67e40e24235987f3e1e59631eb1e4d2-1-1024x1024.webp 1024w, https:\/\/buynsellman.shop\/wp-content\/uploads\/2026\/04\/7a791982-de93-4a60-b8f4-1fa19697da86.e67e40e24235987f3e1e59631eb1e4d2-1-300x300.webp 300w, https:\/\/buynsellman.shop\/wp-content\/uploads\/2026\/04\/7a791982-de93-4a60-b8f4-1fa19697da86.e67e40e24235987f3e1e59631eb1e4d2-1-150x150.webp 150w, https:\/\/buynsellman.shop\/wp-content\/uploads\/2026\/04\/7a791982-de93-4a60-b8f4-1fa19697da86.e67e40e24235987f3e1e59631eb1e4d2-1-768x768.webp 768w, https:\/\/buynsellman.shop\/wp-content\/uploads\/2026\/04\/7a791982-de93-4a60-b8f4-1fa19697da86.e67e40e24235987f3e1e59631eb1e4d2-1-12x12.webp 12w, https:\/\/buynsellman.shop\/wp-content\/uploads\/2026\/04\/7a791982-de93-4a60-b8f4-1fa19697da86.e67e40e24235987f3e1e59631eb1e4d2-1-600x600.webp 600w, https:\/\/buynsellman.shop\/wp-content\/uploads\/2026\/04\/7a791982-de93-4a60-b8f4-1fa19697da86.e67e40e24235987f3e1e59631eb1e4d2-1-100x100.webp 100w, https:\/\/buynsellman.shop\/wp-content\/uploads\/2026\/04\/7a791982-de93-4a60-b8f4-1fa19697da86.e67e40e24235987f3e1e59631eb1e4d2-1-50x50.webp 50w, https:\/\/buynsellman.shop\/wp-content\/uploads\/2026\/04\/7a791982-de93-4a60-b8f4-1fa19697da86.e67e40e24235987f3e1e59631eb1e4d2-1-1x1.webp 1w, https:\/\/buynsellman.shop\/wp-content\/uploads\/2026\/04\/7a791982-de93-4a60-b8f4-1fa19697da86.e67e40e24235987f3e1e59631eb1e4d2-1-10x10.webp 10w, https:\/\/buynsellman.shop\/wp-content\/uploads\/2026\/04\/7a791982-de93-4a60-b8f4-1fa19697da86.e67e40e24235987f3e1e59631eb1e4d2-1.webp 1500w\" sizes=\"auto, (max-width: 1024px) 100vw, 1024px\" \/>\t\t\t\t\t\t\t\t\t\t\t\t\t\t\t<\/div>\n\t\t\t\t<\/div>\n\t\t\t\t<div class=\"elementor-element elementor-element-6d84b108 elementor-widget elementor-widget-image\" data-id=\"6d84b108\" data-element_type=\"widget\" data-settings=\"{&quot;ekit_we_effect_on&quot;:&quot;none&quot;}\" data-widget_type=\"image.default\">\n\t\t\t\t<div class=\"elementor-widget-container\">\n\t\t\t\t\t\t\t\t\t\t\t\t\t\t\t<img loading=\"lazy\" decoding=\"async\" width=\"1024\" height=\"1024\" src=\"https:\/\/buynsellman.shop\/wp-content\/uploads\/2026\/04\/31708fca-be4f-4eb5-b61a-4f35985ccb31.ba8be90a67ec4a1ddb92601dc8ea23f3-1-1024x1024.webp\" class=\"attachment-large size-large wp-image-14619 wvs-archive-product-image\" alt=\"\" srcset=\"https:\/\/buynsellman.shop\/wp-content\/uploads\/2026\/04\/31708fca-be4f-4eb5-b61a-4f35985ccb31.ba8be90a67ec4a1ddb92601dc8ea23f3-1-1024x1024.webp 1024w, https:\/\/buynsellman.shop\/wp-content\/uploads\/2026\/04\/31708fca-be4f-4eb5-b61a-4f35985ccb31.ba8be90a67ec4a1ddb92601dc8ea23f3-1-300x300.webp 300w, https:\/\/buynsellman.shop\/wp-content\/uploads\/2026\/04\/31708fca-be4f-4eb5-b61a-4f35985ccb31.ba8be90a67ec4a1ddb92601dc8ea23f3-1-150x150.webp 150w, https:\/\/buynsellman.shop\/wp-content\/uploads\/2026\/04\/31708fca-be4f-4eb5-b61a-4f35985ccb31.ba8be90a67ec4a1ddb92601dc8ea23f3-1-768x768.webp 768w, https:\/\/buynsellman.shop\/wp-content\/uploads\/2026\/04\/31708fca-be4f-4eb5-b61a-4f35985ccb31.ba8be90a67ec4a1ddb92601dc8ea23f3-1-12x12.webp 12w, https:\/\/buynsellman.shop\/wp-content\/uploads\/2026\/04\/31708fca-be4f-4eb5-b61a-4f35985ccb31.ba8be90a67ec4a1ddb92601dc8ea23f3-1-600x600.webp 600w, https:\/\/buynsellman.shop\/wp-content\/uploads\/2026\/04\/31708fca-be4f-4eb5-b61a-4f35985ccb31.ba8be90a67ec4a1ddb92601dc8ea23f3-1-100x100.webp 100w, https:\/\/buynsellman.shop\/wp-content\/uploads\/2026\/04\/31708fca-be4f-4eb5-b61a-4f35985ccb31.ba8be90a67ec4a1ddb92601dc8ea23f3-1-50x50.webp 50w, https:\/\/buynsellman.shop\/wp-content\/uploads\/2026\/04\/31708fca-be4f-4eb5-b61a-4f35985ccb31.ba8be90a67ec4a1ddb92601dc8ea23f3-1-1x1.webp 1w, https:\/\/buynsellman.shop\/wp-content\/uploads\/2026\/04\/31708fca-be4f-4eb5-b61a-4f35985ccb31.ba8be90a67ec4a1ddb92601dc8ea23f3-1-10x10.webp 10w, https:\/\/buynsellman.shop\/wp-content\/uploads\/2026\/04\/31708fca-be4f-4eb5-b61a-4f35985ccb31.ba8be90a67ec4a1ddb92601dc8ea23f3-1.webp 1500w\" sizes=\"auto, (max-width: 1024px) 100vw, 1024px\" \/>\t\t\t\t\t\t\t\t\t\t\t\t\t\t\t<\/div>\n\t\t\t\t<\/div>\n\t\t\t\t<div class=\"elementor-element elementor-element-6b2cd0bb elementor-widget elementor-widget-image\" data-id=\"6b2cd0bb\" data-element_type=\"widget\" data-settings=\"{&quot;ekit_we_effect_on&quot;:&quot;none&quot;}\" data-widget_type=\"image.default\">\n\t\t\t\t<div class=\"elementor-widget-container\">\n\t\t\t\t\t\t\t\t\t\t\t\t\t\t\t<img loading=\"lazy\" decoding=\"async\" width=\"1024\" height=\"1024\" src=\"https:\/\/buynsellman.shop\/wp-content\/uploads\/2026\/04\/71sssBudCmL._SL1280_-1-1024x1024.jpg\" class=\"attachment-large size-large wp-image-14620 wvs-archive-product-image\" alt=\"\" srcset=\"https:\/\/buynsellman.shop\/wp-content\/uploads\/2026\/04\/71sssBudCmL._SL1280_-1-1024x1024.jpg 1024w, https:\/\/buynsellman.shop\/wp-content\/uploads\/2026\/04\/71sssBudCmL._SL1280_-1-300x300.jpg 300w, https:\/\/buynsellman.shop\/wp-content\/uploads\/2026\/04\/71sssBudCmL._SL1280_-1-150x150.jpg 150w, https:\/\/buynsellman.shop\/wp-content\/uploads\/2026\/04\/71sssBudCmL._SL1280_-1-768x768.jpg 768w, https:\/\/buynsellman.shop\/wp-content\/uploads\/2026\/04\/71sssBudCmL._SL1280_-1-12x12.jpg 12w, https:\/\/buynsellman.shop\/wp-content\/uploads\/2026\/04\/71sssBudCmL._SL1280_-1-600x600.jpg 600w, https:\/\/buynsellman.shop\/wp-content\/uploads\/2026\/04\/71sssBudCmL._SL1280_-1-100x100.jpg 100w, https:\/\/buynsellman.shop\/wp-content\/uploads\/2026\/04\/71sssBudCmL._SL1280_-1-50x50.jpg 50w, https:\/\/buynsellman.shop\/wp-content\/uploads\/2026\/04\/71sssBudCmL._SL1280_-1-1x1.jpg 1w, https:\/\/buynsellman.shop\/wp-content\/uploads\/2026\/04\/71sssBudCmL._SL1280_-1-10x10.jpg 10w, https:\/\/buynsellman.shop\/wp-content\/uploads\/2026\/04\/71sssBudCmL._SL1280_-1.jpg 1280w\" sizes=\"auto, (max-width: 1024px) 100vw, 1024px\" \/>\t\t\t\t\t\t\t\t\t\t\t\t\t\t\t<\/div>\n\t\t\t\t<\/div>\n\t\t\t\t<\/div>\n\t\t\t\t\t<\/div>\n\t\t\t\t<\/div>\n\t\t\t\t<\/div>","protected":false},"excerpt":{"rendered":"<h2 class=\"a-size-base-plus a-text-bold\">Acerca de este art\u00edculo<\/h2>\n<div class=\"a-expander-collapsed-height a-row a-expander-container a-expander-partial-collapse-container\" data-a-expander-collapsed-height=\"300\">\n<div class=\"a-expander-content a-expander-partial-collapse-content\" data-expanded=\"false\">\n<ul class=\"a-unordered-list a-vertical a-spacing-mini\">\n<li class=\"a-spacing-mini\"><span class=\"a-list-item\">\u3010Ultra-Quiet Design\u3011La herramienta de aseo para mascotas est\u00e1 equipado con precisi\u00f3n y potente motor, baja vibraci\u00f3n, y el dise\u00f1o ultra silencioso liberarlo de ruido de trabajo con s\u00f3lo unos 50 dB para ayudar a la mascota se sienta a gusto y no tiene miedo de corte de pelo m\u00e1s.<\/span><\/li>\n<li class=\"a-spacing-mini\"><span class=\"a-list-item\">\u3010Bater\u00eda recargable incorporada y dise\u00f1o inal\u00e1mbrico\u3011El kit de aseo para mascotas est\u00e1 equipado con un cargador USB. Carga durante cinco horas, puede sostener usos de 70 minutos. Dise\u00f1o liviano e inal\u00e1mbrico para un uso f\u00e1cil, ya no puede molestarse por la molestia de reemplazar las bater\u00edas o los cables aburridos con la recortadora inal\u00e1mbrica.<\/span><\/li>\n<\/ul>\n<\/div>\n<\/div>","protected":false},"featured_media":14605,"comment_status":"open","ping_status":"closed","template":"","meta":{"_acf_changed":false},"etheme_brands":[],"product_brand":[],"product_cat":[118],"product_tag":[],"class_list":{"0":"post-14604","1":"product","2":"type-product","3":"status-publish","4":"has-post-thumbnail","6":"product_cat-sale-shop","8":"first","9":"instock","10":"sale","11":"shipping-taxable","12":"purchasable","13":"product-type-simple"},"acf":[],"_links":{"self":[{"href":"https:\/\/buynsellman.shop\/es\/wp-json\/wp\/v2\/product\/14604","targetHints":{"allow":["GET"]}}],"collection":[{"href":"https:\/\/buynsellman.shop\/es\/wp-json\/wp\/v2\/product"}],"about":[{"href":"https:\/\/buynsellman.shop\/es\/wp-json\/wp\/v2\/types\/product"}],"replies":[{"embeddable":true,"href":"https:\/\/buynsellman.shop\/es\/wp-json\/wp\/v2\/comments?post=14604"}],"version-history":[{"count":4,"href":"https:\/\/buynsellman.shop\/es\/wp-json\/wp\/v2\/product\/14604\/revisions"}],"predecessor-version":[{"id":14626,"href":"https:\/\/buynsellman.shop\/es\/wp-json\/wp\/v2\/product\/14604\/revisions\/14626"}],"wp:featuredmedia":[{"embeddable":true,"href":"https:\/\/buynsellman.shop\/es\/wp-json\/wp\/v2\/media\/14605"}],"wp:attachment":[{"href":"https:\/\/buynsellman.shop\/es\/wp-json\/wp\/v2\/media?parent=14604"}],"wp:term":[{"taxonomy":"brand","embeddable":true,"href":"https:\/\/buynsellman.shop\/es\/wp-json\/wp\/v2\/etheme_brands?post=14604"},{"taxonomy":"product_brand","embeddable":true,"href":"https:\/\/buynsellman.shop\/es\/wp-json\/wp\/v2\/product_brand?post=14604"},{"taxonomy":"product_cat","embeddable":true,"href":"https:\/\/buynsellman.shop\/es\/wp-json\/wp\/v2\/product_cat?post=14604"},{"taxonomy":"product_tag","embeddable":true,"href":"https:\/\/buynsellman.shop\/es\/wp-json\/wp\/v2\/product_tag?post=14604"}],"curies":[{"name":"wp","href":"https:\/\/api.w.org\/{rel}","templated":true}]}}